{"id":2061,"date":"2022-03-03T16:02:26","date_gmt":"2022-03-03T15:02:26","guid":{"rendered":"https:\/\/club.justinehenin.be\/jouer-a-heure-fixe\/"},"modified":"2026-04-02T13:57:07","modified_gmt":"2026-04-02T11:57:07","slug":"jouer-a-heure-fixe","status":"publish","type":"page","link":"https:\/\/club.justinehenin.be\/nl\/jouer-a-heure-fixe\/","title":{"rendered":"Jouer \u00e0 heure fixe"},"content":{"rendered":"\n<div class=\"wp-block-getwid-advanced-spacer\" style=\"height:3vw\" aria-hidden=\"true\"><\/div>\n\n\n\n<div class=\"wp-block-columns mb-0 grimlock-animate__wp-block-columns grimlock-animate__wp-block-columns--fadeinFade is-layout-flex wp-container-core-columns-is-layout-9d6595d7 wp-block-columns-is-layout-flex\">\n<div class=\"wp-block-column is-layout-flow wp-block-column-is-layout-flow\">\n<figure class=\"wp-block-gallery has-nested-images columns-2 is-cropped wp-block-gallery-1 is-layout-flex wp-block-gallery-is-layout-flex\">\n<figure class=\"wp-block-image size-large\"><img loading=\"lazy\" decoding=\"async\" width=\"1024\" height=\"576\" data-id=\"1991\" src=\"https:\/\/club.justinehenin.be\/wp-content\/uploads\/sites\/4\/2026\/03\/terrains-durs-1024x576.jpeg\" alt=\"\" class=\"wp-image-1991\" srcset=\"https:\/\/club.justinehenin.be\/wp-content\/uploads\/sites\/4\/2026\/03\/terrains-durs-1024x576.jpeg 1024w, https:\/\/club.justinehenin.be\/wp-content\/uploads\/sites\/4\/2026\/03\/terrains-durs-300x169.jpeg 300w, https:\/\/club.justinehenin.be\/wp-content\/uploads\/sites\/4\/2026\/03\/terrains-durs-768x432.jpeg 768w, https:\/\/club.justinehenin.be\/wp-content\/uploads\/sites\/4\/2026\/03\/terrains-durs-1536x864.jpeg 1536w, https:\/\/club.justinehenin.be\/wp-content\/uploads\/sites\/4\/2026\/03\/terrains-durs.jpeg 1599w\" sizes=\"auto, (max-width: 1024px) 100vw, 1024px\" \/><\/figure>\n\n\n\n<figure class=\"wp-block-image size-large\"><img loading=\"lazy\" decoding=\"async\" width=\"1024\" height=\"597\" data-id=\"73\" src=\"https:\/\/club.justinehenin.be\/wp-content\/uploads\/sites\/4\/2022\/02\/clubhouse3-1024x597.jpg\" alt=\"\" class=\"wp-image-73\" srcset=\"https:\/\/club.justinehenin.be\/wp-content\/uploads\/sites\/4\/2022\/02\/clubhouse3-1024x597.jpg 1024w, https:\/\/club.justinehenin.be\/wp-content\/uploads\/sites\/4\/2022\/02\/clubhouse3-300x175.jpg 300w, https:\/\/club.justinehenin.be\/wp-content\/uploads\/sites\/4\/2022\/02\/clubhouse3-768x448.jpg 768w, https:\/\/club.justinehenin.be\/wp-content\/uploads\/sites\/4\/2022\/02\/clubhouse3-1536x896.jpg 1536w, https:\/\/club.justinehenin.be\/wp-content\/uploads\/sites\/4\/2022\/02\/clubhouse3-1850x1079.jpg 1850w, https:\/\/club.justinehenin.be\/wp-content\/uploads\/sites\/4\/2022\/02\/clubhouse3.jpg 1900w\" sizes=\"auto, (max-width: 1024px) 100vw, 1024px\" \/><\/figure>\n\n\n\n<figure class=\"wp-block-image size-full\"><img decoding=\"async\" data-id=\"1994\" src=\"https:\/\/club.justinehenin.be\/wp-content\/uploads\/sites\/4\/2026\/03\/img-0739-edited.jpg\" alt=\"\" class=\"wp-image-1994\"\/><\/figure>\n<\/figure>\n<\/div>\n\n\n\n<div class=\"wp-block-column is-vertically-aligned-center is-layout-flow wp-block-column-is-layout-flow\">\n<h3 class=\"wp-block-heading has-dh-4-font-size\" id=\"infrastructures\">Saison hiver 2026-27<\/h3>\n\n\n\n<h2 class=\"wp-block-heading has-dh-2-font-size\" id=\"un-environnement-complet-accessible\">Vous d\u00e9sirez louer un terrain fixe cet hiver?<\/h2>\n\n\n\n<div class=\"wp-block-getwid-advanced-spacer\" style=\"height:25px\" aria-hidden=\"true\"><\/div>\n\n\n\n<p>Jusqu&#8217;au 15 mai, les membres de la saison hiver 2025-26 sont prioritaires pour reconduire leur(s) r\u00e9servation(s). Apr\u00e8s cette date, les cr\u00e9neaux 2025-26 seront lib\u00e9r\u00e9s.<\/p>\n\n\n\n<p>Nouveaux membres? N&#8217;h\u00e9sitez pas \u00e0 nous communiquer d\u00e8s \u00e0 pr\u00e9sent les heures que vous convoitez car il nous reste quelques heures disponibles.<\/p>\n\n\n\n<p>Pour tous, renvoyez-nous <strong><a href=\"https:\/\/club.justinehenin.be\/wp-content\/uploads\/sites\/4\/2025\/04\/Formulaire_location_de_terrain_hiver_2025-2026.docx\" target=\"_blank\" rel=\"noreferrer noopener\">le formulaire compl\u00e9t\u00e9<\/a> <\/strong>et sign\u00e9 par email ou au secr\u00e9tariat.<\/p>\n\n\n\n<p>Effectuez un virement de 50% d&#8217;acompte du montant total sur le compte ASBL Club Justine Henin BE50 0688 9008 0818 pour confirmer votre location de terrain. Le solde \u00e9tant d\u00fb pour le 28 ao\u00fbt 2026 au plus tard.<\/p>\n\n\n\n<p>Si vous d\u00e9sirez des informations compl\u00e9mentaires, n&#8217;h\u00e9sitez pas \u00e0 nous joindre par email via hello@justinehenin.be<\/p>\n\n\n\n<p><\/p>\n<\/div>\n<\/div>\n\n\n\n<h3 class=\"wp-block-heading\">Tarifs 2026-27<\/h3>\n\n\n\n<p>Du 29\/08\/2026 au 18\/04\/2027<\/p>\n\n\n\n<div class=\"wp-block-columns is-layout-flex wp-container-core-columns-is-layout-9d6595d7 wp-block-columns-is-layout-flex\">\n<div class=\"wp-block-column is-layout-flow wp-block-column-is-layout-flow\" style=\"flex-basis:80%\">\n<figure class=\"wp-block-table is-style-stripes\"><table><thead><tr><th class=\"has-text-align-left\" data-align=\"left\">Location horaire<\/th><th class=\"has-text-align-center\" data-align=\"center\">Dur<\/th><th class=\"has-text-align-center\" data-align=\"center\">Terre battue<\/th><th class=\"has-text-align-center\" data-align=\"center\">Nombre de semaines<\/th><\/tr><\/thead><tbody><tr><td class=\"has-text-align-left\" data-align=\"left\">En semaine avant 17h<\/td><td class=\"has-text-align-center\" data-align=\"center\">513\u20ac<\/td><td class=\"has-text-align-center\" data-align=\"center\">540\u20ac<\/td><td class=\"has-text-align-center\" data-align=\"center\">27<\/td><\/tr><tr><td class=\"has-text-align-left\" data-align=\"left\">En semaine apr\u00e8s 17h<\/td><td class=\"has-text-align-center\" data-align=\"center\">885\u20ac<\/td><td class=\"has-text-align-center\" data-align=\"center\">915\u20ac<\/td><td class=\"has-text-align-center\" data-align=\"center\">30<\/td><\/tr><tr><td class=\"has-text-align-left\" data-align=\"left\">Vendredi \u00e0 partir de 19h<\/td><td class=\"has-text-align-center\" data-align=\"center\">720\u20ac<\/td><td class=\"has-text-align-center\" data-align=\"center\">750\u20ac<\/td><td class=\"has-text-align-center\" data-align=\"center\">30<\/td><\/tr><tr><td class=\"has-text-align-left\" data-align=\"left\">Weekend<\/td><td class=\"has-text-align-center\" data-align=\"center\">690\u20ac<\/td><td class=\"has-text-align-center\" data-align=\"center\">720\u20ac<\/td><td class=\"has-text-align-center\" data-align=\"center\">30<\/td><\/tr><tr><td class=\"has-text-align-left\" data-align=\"left\"><\/td><td class=\"has-text-align-center\" data-align=\"center\"><\/td><td class=\"has-text-align-center\" data-align=\"center\"><\/td><td class=\"has-text-align-center\" data-align=\"center\"><\/td><\/tr><\/tbody><\/table><figcaption class=\"wp-element-caption\">10\u20ac de r\u00e9duction sur la deuxi\u00e8me heure r\u00e9serv\u00e9e.<br>15\u20ac de r\u00e9duction sur la 3\u00e8me heure r\u00e9serv\u00e9e.<\/figcaption><\/figure>\n<\/div>\n<\/div>\n\n\n\n<ul class=\"wp-block-list\">\n<li><a href=\"https:\/\/club.justinehenin.be\/wp-content\/uploads\/sites\/4\/2026\/04\/CALENDRIER-HIVER-26-27-semaine-avant-17h.pdf\" type=\"link\" id=\"https:\/\/club.justinehenin.be\/wp-content\/uploads\/sites\/4\/2026\/04\/CALENDRIER-HIVER-26-27-semaine-avant-17h.pdf\">Calendrier pour les heures fixes en semaine avant 17h<\/a><\/li>\n\n\n\n<li><a href=\"https:\/\/club.justinehenin.be\/wp-content\/uploads\/sites\/4\/2026\/04\/CALENDRIER-HIVER-26-27-semaine-apres-17h.pdf\" type=\"link\" id=\"https:\/\/club.justinehenin.be\/wp-content\/uploads\/sites\/4\/2026\/04\/CALENDRIER-HIVER-26-27-semaine-apres-17h.pdf\">Calendrier pour les heures fixes en semaines apr\u00e8s 17h<\/a><\/li>\n\n\n\n<li><a href=\"https:\/\/club.justinehenin.be\/wp-content\/uploads\/sites\/4\/2026\/04\/CALENDRIER-HIVER-26-27-Week-end.pdf\" type=\"link\" id=\"https:\/\/club.justinehenin.be\/wp-content\/uploads\/sites\/4\/2026\/04\/CALENDRIER-HIVER-26-27-Week-end.pdf\">Calendrier pour les heures fixes du weekend<\/a><\/li>\n<\/ul>\n\n\n\n<p><\/p>\n","protected":false},"excerpt":{"rendered":"<p>Vous profitez d&#8217;un terrain attitr\u00e9 \u00e0 horaire fixe durant toute la saison hiver.  L&#8217;id\u00e9al pour les sportifs r\u00e9guliers.<\/p>\n","protected":false},"author":1,"featured_media":0,"parent":0,"menu_order":0,"comment_status":"closed","ping_status":"closed","template":"template-classic-12-cols-left.php","meta":{"_acf_changed":false,"inline_featured_image":false,"footnotes":""},"class_list":["post-2061","page","type-page","status-publish","hentry"],"acf":[],"_links":{"self":[{"href":"https:\/\/club.justinehenin.be\/nl\/wp-json\/wp\/v2\/pages\/2061","targetHints":{"allow":["GET"]}}],"collection":[{"href":"https:\/\/club.justinehenin.be\/nl\/wp-json\/wp\/v2\/pages"}],"about":[{"href":"https:\/\/club.justinehenin.be\/nl\/wp-json\/wp\/v2\/types\/page"}],"author":[{"embeddable":true,"href":"https:\/\/club.justinehenin.be\/nl\/wp-json\/wp\/v2\/users\/1"}],"replies":[{"embeddable":true,"href":"https:\/\/club.justinehenin.be\/nl\/wp-json\/wp\/v2\/comments?post=2061"}],"version-history":[{"count":2,"href":"https:\/\/club.justinehenin.be\/nl\/wp-json\/wp\/v2\/pages\/2061\/revisions"}],"predecessor-version":[{"id":2100,"href":"https:\/\/club.justinehenin.be\/nl\/wp-json\/wp\/v2\/pages\/2061\/revisions\/2100"}],"wp:attachment":[{"href":"https:\/\/club.justinehenin.be\/nl\/wp-json\/wp\/v2\/media?parent=2061"}],"curies":[{"name":"wp","href":"https:\/\/api.w.org\/{rel}","templated":true}]}}